{"id":145,"date":"2012-12-18T22:12:47","date_gmt":"2012-12-18T22:12:47","guid":{"rendered":"http:\/\/www.forvalsc.es:8008\/?page_id=145"},"modified":"2024-10-27T01:15:56","modified_gmt":"2024-10-27T01:15:56","slug":"forval-ofrece-a-sus-clientes-una-solucion-multidisciplinar","status":"publish","type":"page","link":"https:\/\/www.forvalsc.es\/es\/","title":{"rendered":"FORVAL ofrece a sus clientes una SOLUCION multidisciplinar"},"content":{"rendered":"<p>FORVAL es un equipo humano cuyo af\u00e1n profesional, basado en la relaci\u00f3n directa con los clientes, es ofrecer soluciones a las necesidades que \u00e9stos tienen en el desarrollo de su actividad productiva.<\/p>\n<p>Nacida dentro de la COMARCA DE FERROLTERA, se desarrolla como apoyo de las empresas asentadas en la misma ya que esta comarca tiene una gran trayectoria industrial con empresas de construcci\u00f3n naval, auxiliares y de fabricaci\u00f3n de materiales de construcci\u00f3n.<\/p>","protected":false},"excerpt":{"rendered":"<p>FORVAL es un equipo humano cuyo af\u00e1n profesional, basado en la relaci\u00f3n directa con los clientes, es ofrecer soluciones a las necesidades que \u00e9stos tienen en el desarrollo de su actividad productiva. Nacida dentro de la COMARCA DE FERROLTERA, se desarrolla como apoyo de las empresas asentadas en la misma ya que esta comarca tiene [&hellip;]<\/p>\n","protected":false},"author":1,"featured_media":57,"parent":0,"menu_order":0,"comment_status":"closed","ping_status":"closed","template":"","meta":{"ngg_post_thumbnail":0,"footnotes":""},"class_list":["post-145","page","type-page","status-publish","has-post-thumbnail","hentry"],"_links":{"self":[{"href":"https:\/\/www.forvalsc.es\/es\/wp-json\/wp\/v2\/pages\/145"}],"collection":[{"href":"https:\/\/www.forvalsc.es\/es\/wp-json\/wp\/v2\/pages"}],"about":[{"href":"https:\/\/www.forvalsc.es\/es\/wp-json\/wp\/v2\/types\/page"}],"author":[{"embeddable":true,"href":"https:\/\/www.forvalsc.es\/es\/wp-json\/wp\/v2\/users\/1"}],"replies":[{"embeddable":true,"href":"https:\/\/www.forvalsc.es\/es\/wp-json\/wp\/v2\/comments?post=145"}],"version-history":[{"count":16,"href":"https:\/\/www.forvalsc.es\/es\/wp-json\/wp\/v2\/pages\/145\/revisions"}],"predecessor-version":[{"id":1027,"href":"https:\/\/www.forvalsc.es\/es\/wp-json\/wp\/v2\/pages\/145\/revisions\/1027"}],"wp:featuredmedia":[{"embeddable":true,"href":"https:\/\/www.forvalsc.es\/es\/wp-json\/wp\/v2\/media\/57"}],"wp:attachment":[{"href":"https:\/\/www.forvalsc.es\/es\/wp-json\/wp\/v2\/media?parent=145"}],"curies":[{"name":"wp","href":"https:\/\/api.w.org\/{rel}","templated":true}]}}