{"id":145,"date":"2012-12-18T22:12:47","date_gmt":"2012-12-18T22:12:47","guid":{"rendered":"http:\/\/www.forvalsc.es:8008\/?page_id=145"},"modified":"2024-10-27T01:15:56","modified_gmt":"2024-10-27T01:15:56","slug":"forval-ofrece-a-sus-clientes-una-solucion-multidisciplinar","status":"publish","type":"page","link":"https:\/\/www.forvalsc.es\/fr\/","title":{"rendered":"FORVAL Offre a ses clients des SOLUTIONS Multisectorielles"},"content":{"rendered":"<p>FORVAL est une \u00e9quipe dont l&rsquo;effort professionnel, bas\u00e9 sur une relation directe avec les clients est de fournir des solutions aux besoins qu&rsquo;ils ont dans le d\u00e9veloppement de leur activit\u00e9 productive.<\/p>\n<p>N\u00e9 dans le quartier de FERROLTERA est d\u00e9velopp\u00e9 pour soutenir les entreprises de la construction navale, Auxiliaires et Fabrication Mat\u00e9riaux de construction.<\/p>","protected":false},"excerpt":{"rendered":"<p>FORVAL est une \u00e9quipe dont l&rsquo;effort professionnel, bas\u00e9 sur une relation directe avec les clients est de fournir des solutions aux besoins qu&rsquo;ils ont dans le d\u00e9veloppement de leur activit\u00e9 productive. N\u00e9 dans le quartier de FERROLTERA est d\u00e9velopp\u00e9 pour soutenir les entreprises de la construction navale, Auxiliaires et Fabrication Mat\u00e9riaux de construction.<\/p>\n","protected":false},"author":1,"featured_media":57,"parent":0,"menu_order":0,"comment_status":"closed","ping_status":"closed","template":"","meta":{"ngg_post_thumbnail":0,"footnotes":""},"class_list":["post-145","page","type-page","status-publish","has-post-thumbnail","hentry"],"_links":{"self":[{"href":"https:\/\/www.forvalsc.es\/fr\/wp-json\/wp\/v2\/pages\/145"}],"collection":[{"href":"https:\/\/www.forvalsc.es\/fr\/wp-json\/wp\/v2\/pages"}],"about":[{"href":"https:\/\/www.forvalsc.es\/fr\/wp-json\/wp\/v2\/types\/page"}],"author":[{"embeddable":true,"href":"https:\/\/www.forvalsc.es\/fr\/wp-json\/wp\/v2\/users\/1"}],"replies":[{"embeddable":true,"href":"https:\/\/www.forvalsc.es\/fr\/wp-json\/wp\/v2\/comments?post=145"}],"version-history":[{"count":14,"href":"https:\/\/www.forvalsc.es\/fr\/wp-json\/wp\/v2\/pages\/145\/revisions"}],"predecessor-version":[{"id":1027,"href":"https:\/\/www.forvalsc.es\/fr\/wp-json\/wp\/v2\/pages\/145\/revisions\/1027"}],"wp:featuredmedia":[{"embeddable":true,"href":"https:\/\/www.forvalsc.es\/fr\/wp-json\/wp\/v2\/media\/57"}],"wp:attachment":[{"href":"https:\/\/www.forvalsc.es\/fr\/wp-json\/wp\/v2\/media?parent=145"}],"curies":[{"name":"wp","href":"https:\/\/api.w.org\/{rel}","templated":true}]}}