{"id":875,"date":"2024-10-26T17:31:04","date_gmt":"2024-10-26T17:31:04","guid":{"rendered":"https:\/\/www.forvalsc.es\/?page_id=875"},"modified":"2024-10-26T17:40:11","modified_gmt":"2024-10-26T17:40:11","slug":"contacto-forval","status":"publish","type":"page","link":"https:\/\/www.forvalsc.es\/fr\/contacto-forval\/","title":{"rendered":"(Espa\u00f1ol) Contacto Forval"},"content":{"rendered":"\n<p><strong>FORVAL<\/strong><\/p>\n\n\n\n<p>Poligono Industrial Rio do Pozo<br \/><br \/>15573 Naron &nbsp;A Coru\u00f1a &#8211; Galicia<br \/>Espa\u00f1a<\/p>\n\n\n\n<p>Forval: &nbsp;<a href=\"mailto:forval@forvalsc.es\">forval@forvalsc.es<\/a><\/p>\n\n\n\n<p>M\u00f3vil: +34 696 956 074<\/p>\n","protected":false},"excerpt":{"rendered":"<p>FORVAL Poligono Industrial Rio do Pozo 15573 Naron &nbsp;A Coru\u00f1a &#8211; GaliciaEspa\u00f1a Forval: &nbsp;forval@forvalsc.es M\u00f3vil: +34 696 956 074<\/p>\n","protected":false},"author":1,"featured_media":0,"parent":0,"menu_order":0,"comment_status":"closed","ping_status":"closed","template":"","meta":{"ngg_post_thumbnail":0,"footnotes":""},"class_list":["post-875","page","type-page","status-publish","hentry"],"_links":{"self":[{"href":"https:\/\/www.forvalsc.es\/fr\/wp-json\/wp\/v2\/pages\/875"}],"collection":[{"href":"https:\/\/www.forvalsc.es\/fr\/wp-json\/wp\/v2\/pages"}],"about":[{"href":"https:\/\/www.forvalsc.es\/fr\/wp-json\/wp\/v2\/types\/page"}],"author":[{"embeddable":true,"href":"https:\/\/www.forvalsc.es\/fr\/wp-json\/wp\/v2\/users\/1"}],"replies":[{"embeddable":true,"href":"https:\/\/www.forvalsc.es\/fr\/wp-json\/wp\/v2\/comments?post=875"}],"version-history":[{"count":4,"href":"https:\/\/www.forvalsc.es\/fr\/wp-json\/wp\/v2\/pages\/875\/revisions"}],"predecessor-version":[{"id":884,"href":"https:\/\/www.forvalsc.es\/fr\/wp-json\/wp\/v2\/pages\/875\/revisions\/884"}],"wp:attachment":[{"href":"https:\/\/www.forvalsc.es\/fr\/wp-json\/wp\/v2\/media?parent=875"}],"curies":[{"name":"wp","href":"https:\/\/api.w.org\/{rel}","templated":true}]}}